{"id":2206,"date":"2024-04-11T23:34:29","date_gmt":"2024-04-11T21:34:29","guid":{"rendered":"https:\/\/avelandiajungle.com\/?post_type=product&#038;p=2206"},"modified":"2026-03-16T23:38:50","modified_gmt":"2026-03-16T22:38:50","slug":"voladera-de-jardin-techo-dos-aguas-para-loros-guacamayos-cacatuas-aviario-para-yacos-amazonas-jaula-grande-de-pajaros-conures-loris-caiques-complemento-antiestres-salud-y-bienestar-de-aves-ec","status":"publish","type":"product","link":"https:\/\/avelandiajungle.com\/producto\/voladera-de-jardin-techo-dos-aguas-para-loros-guacamayos-cacatuas-aviario-para-yacos-amazonas-jaula-grande-de-pajaros-conures-loris-caiques-complemento-antiestres-salud-y-bienestar-de-aves-ec\/","title":{"rendered":"Voladera de jard\u00edn techo dos aguas, para loros guacamayos, cacat\u00faas, aviario para yacos, amazonas, jaula grande de p\u00e1jaros conures, loris, caiques, habit\u00e1culo de loros y aves rapaces. 205cm x 205cm, CALIDAD PREMIUM."},"content":{"rendered":"<p><strong>Voladera de jard\u00edn para loros y aves rapaces. Un aviario de calidad pensado para aves p\/medianas, medianas y grandes: yacos, amazonas, guacamayos, cacat\u00faas, eclectus, jardineros, conures, cotorras, pyrhurras, loris, caiques y todo tama\u00f1o similar.<\/strong><\/p>\n<p><strong>Son modulares, uniendo dos tipos de paneles (de malla, opaco o de malla con puerta) permiten configurar m\u00faltiples formas.<\/strong><\/p>\n<p><strong>Puerta de entrada en la que podr\u00e1s abrir desde fuera y desde dentro para una mayor seguridad.<\/strong><\/p>\n<p><strong>2 comederos giratorios para poner la comida y bebida sin necesidad de entrar.<\/strong><\/p>\n<p><strong>Techo cubierto dos aguas para protegerse de la lluvia y el sol.<\/strong><\/p>\n<p><strong>Refugio corta vientos.<\/strong><\/p>\n<p><strong>\u00a1Un excelente voladero para jard\u00edn donde podr\u00e1s crear el ambiente necesario para tus aves!<\/strong><\/p>\n<p>&nbsp;<\/p>\n","protected":false},"excerpt":{"rendered":"<p><strong>Medidas: Alto 203 cm. Ancho: 205 cm. Fondo: 205\u00a0cm.<\/strong><br \/>\n<strong>Medidas de la puerta: 168x45cm.<\/strong><br \/>\n<strong>Grosor barrotes 4 mm, 2,5 cm de separaci\u00f3n, color antracita<\/strong><\/p>\n<p><strong>Compuesto por:<\/strong><\/p>\n<p><strong>&#8211; 4 paneles malla.<\/strong><br \/>\n<strong>&#8211; 2 panel opacos corta-vientos.<\/strong><br \/>\n<strong>&#8211; 1 panel con puerta peatonal.<\/strong><br \/>\n<strong>&#8211; 1 panel con comederos giratorios.<\/strong><br \/>\n<strong>&#8211; 2 Techos de inicio 2 aguas.<\/strong><br \/>\n<strong>&#8211; 2 Techos de ampliaci\u00f3n 2 aguas.<\/strong><br \/>\n<strong>&#8211; 6 cartelas (3 izdas y 3 drchas.)<\/strong><br \/>\n<strong>&#8211; 24 grapas de sujeci\u00f3n paneles.<\/strong><br \/>\n<strong>&#8211; 6 grapas sujeci\u00f3n al suelo.<\/strong><br \/>\n<strong>&#8211; 2 comederos loro.<\/strong><br \/>\n<strong>&#8211; 30 conteras blancas.<\/strong><br \/>\n<strong>&#8211; 6 conteras negras para roscado.<\/strong><br \/>\n<strong>&#8211; 6 tornillos 60&#215;10.<\/strong><br \/>\n<strong>&#8211; 2 tornillos de 5&#215;30 con arandela de ala ancha y tuerca mariposa.<\/strong><br \/>\n<strong>&#8211; 34 tornillos con sus tuercas y arandelas 5&#215;10.<\/strong><br \/>\n<strong>&#8211; 30 conteras negras.<\/strong><br \/>\n<strong>&#8211; 6 conteras negras para roscado<\/strong><br \/>\n<strong>&#8211; 6 tornillos 60&#215;10.<\/strong><br \/>\n<strong>&#8211; 1 falleba de inicio.<\/strong><br \/>\n<strong>&#8211; 1 falleba de ampliaci\u00f3n.<\/strong><\/p>\n","protected":false},"featured_media":6453,"comment_status":"open","ping_status":"closed","template":"","meta":[],"product_brand":[],"product_cat":[84,179],"product_tag":[385,181],"class_list":{"0":"post-2206","1":"product","2":"type-product","3":"status-publish","4":"has-post-thumbnail","6":"product_cat-para-aves","7":"product_cat-voladeras-para-loros-y-pajaros","8":"product_tag-voladera-loro","9":"product_tag-voladero-para-loros-y-aves-rapaces","11":"first","12":"instock","13":"taxable","14":"shipping-taxable","15":"purchasable","16":"product-type-simple"},"acf":[],"jetpack_sharing_enabled":true,"_links":{"self":[{"href":"https:\/\/avelandiajungle.com\/wp-json\/wp\/v2\/product\/2206","targetHints":{"allow":["GET"]}}],"collection":[{"href":"https:\/\/avelandiajungle.com\/wp-json\/wp\/v2\/product"}],"about":[{"href":"https:\/\/avelandiajungle.com\/wp-json\/wp\/v2\/types\/product"}],"replies":[{"embeddable":true,"href":"https:\/\/avelandiajungle.com\/wp-json\/wp\/v2\/comments?post=2206"}],"version-history":[{"count":9,"href":"https:\/\/avelandiajungle.com\/wp-json\/wp\/v2\/product\/2206\/revisions"}],"predecessor-version":[{"id":6946,"href":"https:\/\/avelandiajungle.com\/wp-json\/wp\/v2\/product\/2206\/revisions\/6946"}],"wp:featuredmedia":[{"embeddable":true,"href":"https:\/\/avelandiajungle.com\/wp-json\/wp\/v2\/media\/6453"}],"wp:attachment":[{"href":"https:\/\/avelandiajungle.com\/wp-json\/wp\/v2\/media?parent=2206"}],"wp:term":[{"taxonomy":"product_brand","embeddable":true,"href":"https:\/\/avelandiajungle.com\/wp-json\/wp\/v2\/product_brand?post=2206"},{"taxonomy":"product_cat","embeddable":true,"href":"https:\/\/avelandiajungle.com\/wp-json\/wp\/v2\/product_cat?post=2206"},{"taxonomy":"product_tag","embeddable":true,"href":"https:\/\/avelandiajungle.com\/wp-json\/wp\/v2\/product_tag?post=2206"}],"curies":[{"name":"wp","href":"https:\/\/api.w.org\/{rel}","templated":true}]}}