{"id":887,"date":"2024-02-24T17:20:31","date_gmt":"2024-02-24T16:20:31","guid":{"rendered":"https:\/\/avelandiajungle.com\/avelandia\/?post_type=product&#038;p=887"},"modified":"2026-02-15T23:17:46","modified_gmt":"2026-02-15T22:17:46","slug":"perchas-para-jaulas-de-loros-agapornis-ninfas-cotorras-rosellas-pyrrhuras-caiques-y-todo-tipo-de-aves-de-tamano-pequeno-y-p-mediano-posadero-descanso-de-pajaros-accesorio-plataforma-de-pino-nat","status":"publish","type":"product","link":"https:\/\/avelandiajungle.com\/producto\/perchas-para-jaulas-de-loros-agapornis-ninfas-cotorras-rosellas-pyrrhuras-caiques-y-todo-tipo-de-aves-de-tamano-pequeno-y-p-mediano-posadero-descanso-de-pajaros-accesorio-plataforma-de-pino-nat\/","title":{"rendered":"Perchas plataforma para jaulas de loros agaporni, ninfa, posadero descanso de p\u00e1jaros caique, cotorra, CALIDAD PREMIUM."},"content":{"rendered":"<p><span class=\"a-text-bold\">Percha ideal para el descanso de sus patas, para poner junto al comedero o zona de juegos, con una base un tanto rugosa para evitar que sea resbaladiza.<\/span><\/p>\n<p><span class=\"a-text-bold\">Escoge el tama\u00f1o adecuado para tu loro: puedes escoger entre S y M, la (S) es para aves peque\u00f1as tipo agapornis, cotorras peque\u00f1as y todo tama\u00f1o similar, incluso p\u00e1jaros tipo diamantes, canarios, periquitos etc&#8230; (M) para aves p\/medianas tipo jardineros, ninfas, rosellas, caiques, pyrrhuras y todo tama\u00f1o similar.<\/span><\/p>\n<p><span class=\"a-text-bold\">Base estable, con un grosor entre 1,5 a 2 cm para el tama\u00f1o S, y entre 2 a 2,5 cm para el tama\u00f1o M, con arandelas y palometa de acero inoxidable.<\/span><\/p>\n","protected":false},"excerpt":{"rendered":"<p><iframe title=\"Perchas plataforma para loros peque\u00f1os y p\/medianos.\ud83e\udd9c\ud83e\udeb5 @avelandiajungle\" src=\"https:\/\/www.youtube.com\/embed\/beKq6bPvf2E\" width=\"485\" height=\"598\" frameborder=\"0\" allowfullscreen=\"allowfullscreen\"><\/iframe><\/p>\n<p>Tama\u00f1o (S) v\u00e1lido para aves peque\u00f1as como agapornis, cotorras peque\u00f1as, p\u00e1jaros diamantes, canarios, periquitos, gorriones etc&#8230;<\/p>\n<p>Tama\u00f1o (M) para aves p\/medianas como ninfas, jardineros, caiques, rosellas, pyrrhurras, loris arcoiris, cotorras del sol y todo tama\u00f1o similar.<\/p>\n<p>Sujeci\u00f3n fuerte, con arandelas y palometa de acero inoxidable 304.<\/p>\n<p>Di\u00e1metro de las arandelas: 37mm.<\/p>\n<p>Apretar ligeramente la palometa con alicates para una mayor sujeci\u00f3n.<\/p>\n","protected":false},"featured_media":714,"comment_status":"open","ping_status":"closed","template":"","meta":[],"product_brand":[],"product_cat":[84,102],"product_tag":[159],"class_list":{"0":"post-887","1":"product","2":"type-product","3":"status-publish","4":"has-post-thumbnail","6":"product_cat-para-aves","7":"product_cat-perchas-plataforma-para-jaulas-aves-pequenas-y-p-medianas","8":"product_tag-percha-posadero-para-loros","10":"first","11":"instock","12":"taxable","13":"shipping-taxable","14":"purchasable","15":"product-type-variable"},"acf":[],"jetpack_sharing_enabled":true,"_links":{"self":[{"href":"https:\/\/avelandiajungle.com\/wp-json\/wp\/v2\/product\/887","targetHints":{"allow":["GET"]}}],"collection":[{"href":"https:\/\/avelandiajungle.com\/wp-json\/wp\/v2\/product"}],"about":[{"href":"https:\/\/avelandiajungle.com\/wp-json\/wp\/v2\/types\/product"}],"replies":[{"embeddable":true,"href":"https:\/\/avelandiajungle.com\/wp-json\/wp\/v2\/comments?post=887"}],"version-history":[{"count":5,"href":"https:\/\/avelandiajungle.com\/wp-json\/wp\/v2\/product\/887\/revisions"}],"predecessor-version":[{"id":6750,"href":"https:\/\/avelandiajungle.com\/wp-json\/wp\/v2\/product\/887\/revisions\/6750"}],"wp:featuredmedia":[{"embeddable":true,"href":"https:\/\/avelandiajungle.com\/wp-json\/wp\/v2\/media\/714"}],"wp:attachment":[{"href":"https:\/\/avelandiajungle.com\/wp-json\/wp\/v2\/media?parent=887"}],"wp:term":[{"taxonomy":"product_brand","embeddable":true,"href":"https:\/\/avelandiajungle.com\/wp-json\/wp\/v2\/product_brand?post=887"},{"taxonomy":"product_cat","embeddable":true,"href":"https:\/\/avelandiajungle.com\/wp-json\/wp\/v2\/product_cat?post=887"},{"taxonomy":"product_tag","embeddable":true,"href":"https:\/\/avelandiajungle.com\/wp-json\/wp\/v2\/product_tag?post=887"}],"curies":[{"name":"wp","href":"https:\/\/api.w.org\/{rel}","templated":true}]}}